{"id":9064,"date":"2025-10-16T07:01:22","date_gmt":"2025-10-16T07:01:22","guid":{"rendered":"https:\/\/lamartinacv.es\/?page_id=9064"},"modified":"2025-10-20T07:17:01","modified_gmt":"2025-10-20T07:17:01","slug":"trabaja-con-nosotros","status":"publish","type":"page","link":"https:\/\/lamartinacv.es\/en\/trabaja-con-nosotros\/","title":{"rendered":"Work with us"},"content":{"rendered":"<div data-elementor-type=\"wp-post\" data-elementor-id=\"9064\" class=\"elementor elementor-9064\">\n\t\t\t\t\t\t<section class=\"elementor-section elementor-top-section elementor-element elementor-element-557d1a20 elementor-section-stretched elementor-section-full_width elementor-section-height-default elementor-section-height-default wpr-particle-no wpr-jarallax-no wpr-parallax-no wpr-sticky-section-no\" data-id=\"557d1a20\" data-element_type=\"section\" data-e-type=\"section\" data-settings=\"{&quot;stretch_section&quot;:&quot;section-stretched&quot;}\">\n\t\t\t\t\t\t\t<div class=\"elementor-background-overlay\"><\/div>\n\t\t\t\t\t\t\t<div class=\"elementor-container elementor-column-gap-default\">\n\t\t\t\t\t<div class=\"elementor-column elementor-col-66 elementor-top-column elementor-element elementor-element-e79fa2e\" data-id=\"e79fa2e\" data-element_type=\"column\" data-e-type=\"column\">\n\t\t\t<div class=\"elementor-widget-wrap elementor-element-populated\">\n\t\t\t\t\t\t<div class=\"elementor-element elementor-element-1e8d35a1 elementor-widget__width-initial elementor-widget-mobile__width-initial elementor-widget elementor-widget-heading\" data-id=\"1e8d35a1\" data-element_type=\"widget\" data-e-type=\"widget\" data-widget_type=\"heading.default\">\n\t\t\t\t\t<h1 class=\"elementor-heading-title elementor-size-default\">Work with us<\/h1>\t\t\t\t<\/div>\n\t\t\t\t\t<\/div>\n\t\t<\/div>\n\t\t\t\t<div class=\"elementor-column elementor-col-33 elementor-top-column elementor-element elementor-element-6ac9d896\" data-id=\"6ac9d896\" data-element_type=\"column\" data-e-type=\"column\">\n\t\t\t<div class=\"elementor-widget-wrap\">\n\t\t\t\t\t\t\t<\/div>\n\t\t<\/div>\n\t\t\t\t\t<\/div>\n\t\t<\/section>\n\t\t\t\t<section class=\"elementor-section elementor-top-section elementor-element elementor-element-737d2990 elementor-hidden-tablet elementor-hidden-mobile elementor-section-boxed elementor-section-height-default elementor-section-height-default wpr-particle-no wpr-jarallax-no wpr-parallax-no wpr-sticky-section-no\" data-id=\"737d2990\" data-element_type=\"section\" data-e-type=\"section\">\n\t\t\t\t\t\t<div class=\"elementor-container elementor-column-gap-default\">\n\t\t\t\t\t<div class=\"elementor-column elementor-col-100 elementor-top-column elementor-element elementor-element-4f573d14\" data-id=\"4f573d14\" data-element_type=\"column\" data-e-type=\"column\">\n\t\t\t<div class=\"elementor-widget-wrap elementor-element-populated\">\n\t\t\t\t\t\t<div class=\"elementor-element elementor-element-6d48ebf6 elementor-widget__width-initial elementor-widget elementor-widget-image\" data-id=\"6d48ebf6\" data-element_type=\"widget\" data-e-type=\"widget\" data-widget_type=\"image.default\">\n\t\t\t\t\t\t\t\t\t\t\t\t\t\t\t<img decoding=\"async\" src=\"https:\/\/lamartinacv.es\/wp-content\/uploads\/elementor\/thumbs\/LOGO_CLINICA_BLANCO-removebg-preview-1-rc4p7z03pg97gxf6ekh7481ppgamvugo1jghxn6wjy.png\" title=\"LOGO_CLINICA_BLANCO-removebg-preview 1\" alt=\"LOGO_CLINICA_BLANCO-removebg-preview 1\" loading=\"lazy\" \/>\t\t\t\t\t\t\t\t\t\t\t\t\t\t\t<\/div>\n\t\t\t\t\t<\/div>\n\t\t<\/div>\n\t\t\t\t\t<\/div>\n\t\t<\/section>\n\t\t\t\t<section class=\"elementor-section elementor-top-section elementor-element elementor-element-4945e414 elementor-section-boxed elementor-section-height-default elementor-section-height-default wpr-particle-no wpr-jarallax-no wpr-parallax-no wpr-sticky-section-no\" data-id=\"4945e414\" data-element_type=\"section\" data-e-type=\"section\">\n\t\t\t\t\t\t<div class=\"elementor-container elementor-column-gap-wide\">\n\t\t\t\t\t<div class=\"elementor-column elementor-col-100 elementor-top-column elementor-element elementor-element-21948330\" data-id=\"21948330\" data-element_type=\"column\" data-e-type=\"column\" data-settings=\"{&quot;background_background&quot;:&quot;classic&quot;}\">\n\t\t\t<div class=\"elementor-widget-wrap elementor-element-populated\">\n\t\t\t\t\t\t<section class=\"elementor-section elementor-inner-section elementor-element elementor-element-6acfc1c2 elementor-section-boxed elementor-section-height-default elementor-section-height-default wpr-particle-no wpr-jarallax-no wpr-parallax-no wpr-sticky-section-no\" data-id=\"6acfc1c2\" data-element_type=\"section\" data-e-type=\"section\">\n\t\t\t\t\t\t<div class=\"elementor-container elementor-column-gap-default\">\n\t\t\t\t\t<div class=\"elementor-column elementor-col-50 elementor-inner-column elementor-element elementor-element-1bc86305\" data-id=\"1bc86305\" data-element_type=\"column\" data-e-type=\"column\">\n\t\t\t<div class=\"elementor-widget-wrap elementor-element-populated\">\n\t\t\t\t\t\t<div class=\"elementor-element elementor-element-1638d3fe elementor-widget elementor-widget-heading\" data-id=\"1638d3fe\" data-element_type=\"widget\" data-e-type=\"widget\" data-widget_type=\"heading.default\">\n\t\t\t\t\t<h2 class=\"elementor-heading-title elementor-size-default\">Would you like to join our team?<\/h2>\t\t\t\t<\/div>\n\t\t\t\t\t<\/div>\n\t\t<\/div>\n\t\t\t\t<div class=\"elementor-column elementor-col-50 elementor-inner-column elementor-element elementor-element-6965609b\" data-id=\"6965609b\" data-element_type=\"column\" data-e-type=\"column\">\n\t\t\t<div class=\"elementor-widget-wrap elementor-element-populated\">\n\t\t\t\t\t\t<div class=\"elementor-element elementor-element-04294e6 elementor-widget__width-initial elementor-widget elementor-widget-text-editor\" data-id=\"04294e6\" data-element_type=\"widget\" data-e-type=\"widget\" data-widget_type=\"text-editor.default\">\n\t\t\t\t\t\t\t\t\t<p>We work every day to continue learning and offer the best to our patients. This is your opportunity to pursue your vocation alongside experienced professionals with a genuine passion for animals.<\/p><p><br \/>Send us your CV via email.<br \/><a href=\"mailto:clinica@lamartinacv.es\">clinica@lamartinacv.es<\/a><\/p>\t\t\t\t\t\t\t\t<\/div>\n\t\t\t\t\t<\/div>\n\t\t<\/div>\n\t\t\t\t\t<\/div>\n\t\t<\/section>\n\t\t\t\t\t<\/div>\n\t\t<\/div>\n\t\t\t\t\t<\/div>\n\t\t<\/section>\n\t\t\t\t<section class=\"elementor-section elementor-top-section elementor-element elementor-element-547ff60a elementor-section-boxed elementor-section-height-default elementor-section-height-default wpr-particle-no wpr-jarallax-no wpr-parallax-no wpr-sticky-section-no\" data-id=\"547ff60a\" data-element_type=\"section\" data-e-type=\"section\">\n\t\t\t\t\t\t<div class=\"elementor-container elementor-column-gap-default\">\n\t\t\t\t\t<div class=\"elementor-column elementor-col-100 elementor-top-column elementor-element elementor-element-10123e06\" data-id=\"10123e06\" data-element_type=\"column\" data-e-type=\"column\">\n\t\t\t<div class=\"elementor-widget-wrap elementor-element-populated\">\n\t\t\t\t\t\t<div class=\"elementor-element elementor-element-17d68ba4 elementor-widget elementor-widget-spacer\" data-id=\"17d68ba4\" data-element_type=\"widget\" data-e-type=\"widget\" data-widget_type=\"spacer.default\">\n\t\t\t\t\t\t\t<div class=\"elementor-spacer\">\n\t\t\t<div class=\"elementor-spacer-inner\"><\/div>\n\t\t<\/div>\n\t\t\t\t\t\t<\/div>\n\t\t\t\t\t<\/div>\n\t\t<\/div>\n\t\t\t\t\t<\/div>\n\t\t<\/section>\n\t\t\t\t<section class=\"elementor-section elementor-top-section elementor-element elementor-element-bfc3212 elementor-section-stretched elementor-section-full_width elementor-section-height-default elementor-section-height-default wpr-particle-no wpr-jarallax-no wpr-parallax-no wpr-sticky-section-no\" data-id=\"bfc3212\" data-element_type=\"section\" data-e-type=\"section\" data-settings=\"{&quot;stretch_section&quot;:&quot;section-stretched&quot;}\">\n\t\t\t\t\t\t<div class=\"elementor-container elementor-column-gap-no\">\n\t\t\t\t\t<div class=\"elementor-column elementor-col-100 elementor-top-column elementor-element elementor-element-6322fef4\" data-id=\"6322fef4\" data-element_type=\"column\" data-e-type=\"column\">\n\t\t\t<div class=\"elementor-widget-wrap elementor-element-populated\">\n\t\t\t\t\t\t<div class=\"elementor-element elementor-element-151c63b0 elementor-widget elementor-widget-google_maps\" data-id=\"151c63b0\" data-element_type=\"widget\" data-e-type=\"widget\" data-widget_type=\"google_maps.default\">\n\t\t\t\t\t\t\t<div class=\"elementor-custom-embed\">\n\t\t\t<iframe loading=\"lazy\"\n\t\t\t\t\tsrc=\"https:\/\/maps.google.com\/maps?q=Av.%20de%20Andaluc%C3%ADa%2C%2052%2C%20Bajo%20comercial%2C%2023680%20Alcal%C3%A1%20la%20Real%2C%20Ja%C3%A9n%2C%20Espa%C3%B1a&#038;t=m&#038;z=16&#038;output=embed&#038;iwloc=near\"\n\t\t\t\t\ttitle=\"Av. de Andaluc\u00eda, 52, Bajo comercial, 23680 Alcal\u00e1 la Real, Ja\u00e9n, Spain\"\n\t\t\t\t\taria-label=\"Av. de Andaluc\u00eda, 52, Bajo comercial, 23680 Alcal\u00e1 la Real, Ja\u00e9n, Spain\"\n\t\t\t><\/iframe>\n\t\t<\/div>\n\t\t\t\t\t\t<\/div>\n\t\t\t\t\t<\/div>\n\t\t<\/div>\n\t\t\t\t\t<\/div>\n\t\t<\/section>\n\t\t\t\t<\/div>","protected":false},"excerpt":{"rendered":"<p>Trabaja con nosotros \u00bfTe gustar\u00eda formar parte de nuestro equipo? Trabajamos cada d\u00eda para seguir aprendiendo y ofrecer lo mejor a nuestros pacientes. Esta es tu oportunidad para ejercer tu vocaci\u00f3n junto a profesionales con experiencia y una aut\u00e9ntica pasi\u00f3n por los animales. Facil\u00edtanos tu CV a trav\u00e9s de nuestro emailclinica@lamartinacv.es<\/p>","protected":false},"author":1,"featured_media":2066,"parent":0,"menu_order":0,"comment_status":"closed","ping_status":"closed","template":"","meta":{"inline_featured_image":false,"footnotes":""},"class_list":["post-9064","page","type-page","status-publish","has-post-thumbnail","hentry"],"yoast_head":"<!-- This site is optimized with the Yoast SEO plugin v27.1.1 - https:\/\/yoast.com\/product\/yoast-seo-wordpress\/ -->\n<title>Trabaja con nosotros - La Martina<\/title>\n<meta name=\"description\" content=\"Trabaja con nosotros, env\u00eda tu CV y forma parte de Cl\u00ednica Veterinaria la Martina. Si el cuidado de los animales es tu vida este es tu lugar.\" \/>\n<meta name=\"robots\" content=\"index, follow, max-snippet:-1, max-image-preview:large, max-video-preview:-1\" \/>\n<link rel=\"canonical\" href=\"https:\/\/lamartinacv.es\/en\/trabaja-con-nosotros\/\" \/>\n<meta property=\"og:locale\" content=\"en_GB\" \/>\n<meta property=\"og:type\" content=\"article\" \/>\n<meta property=\"og:title\" content=\"Trabaja con nosotros - La Martina\" \/>\n<meta property=\"og:description\" content=\"Trabaja con nosotros, env\u00eda tu CV y forma parte de Cl\u00ednica Veterinaria la Martina. Si el cuidado de los animales es tu vida este es tu lugar.\" \/>\n<meta property=\"og:url\" content=\"https:\/\/lamartinacv.es\/en\/trabaja-con-nosotros\/\" \/>\n<meta property=\"og:site_name\" content=\"La Martina\" \/>\n<meta property=\"article:modified_time\" content=\"2025-10-20T07:17:01+00:00\" \/>\n<meta property=\"og:image\" content=\"https:\/\/lamartinacv.es\/wp-content\/uploads\/2017\/04\/call1.jpg\" \/>\n\t<meta property=\"og:image:width\" content=\"800\" \/>\n\t<meta property=\"og:image:height\" content=\"581\" \/>\n\t<meta property=\"og:image:type\" content=\"image\/jpeg\" \/>\n<meta name=\"twitter:card\" content=\"summary_large_image\" \/>\n<meta name=\"twitter:label1\" content=\"Estimated reading time\" \/>\n\t<meta name=\"twitter:data1\" content=\"1 minute\" \/>\n<script type=\"application\/ld+json\" class=\"yoast-schema-graph\">{\"@context\":\"https:\/\/schema.org\",\"@graph\":[{\"@type\":\"WebPage\",\"@id\":\"https:\/\/lamartinacv.es\/trabaja-con-nosotros\/\",\"url\":\"https:\/\/lamartinacv.es\/trabaja-con-nosotros\/\",\"name\":\"Trabaja con nosotros - La Martina\",\"isPartOf\":{\"@id\":\"https:\/\/lamartinacv.es\/#website\"},\"primaryImageOfPage\":{\"@id\":\"https:\/\/lamartinacv.es\/trabaja-con-nosotros\/#primaryimage\"},\"image\":{\"@id\":\"https:\/\/lamartinacv.es\/trabaja-con-nosotros\/#primaryimage\"},\"thumbnailUrl\":\"https:\/\/lamartinacv.es\/wp-content\/uploads\/2017\/04\/call1.jpg\",\"datePublished\":\"2025-10-16T07:01:22+00:00\",\"dateModified\":\"2025-10-20T07:17:01+00:00\",\"description\":\"Trabaja con nosotros, env\u00eda tu CV y forma parte de Cl\u00ednica Veterinaria la Martina. Si el cuidado de los animales es tu vida este es tu lugar.\",\"breadcrumb\":{\"@id\":\"https:\/\/lamartinacv.es\/trabaja-con-nosotros\/#breadcrumb\"},\"inLanguage\":\"en-GB\",\"potentialAction\":[{\"@type\":\"ReadAction\",\"target\":[\"https:\/\/lamartinacv.es\/trabaja-con-nosotros\/\"]}]},{\"@type\":\"ImageObject\",\"inLanguage\":\"en-GB\",\"@id\":\"https:\/\/lamartinacv.es\/trabaja-con-nosotros\/#primaryimage\",\"url\":\"https:\/\/lamartinacv.es\/wp-content\/uploads\/2017\/04\/call1.jpg\",\"contentUrl\":\"https:\/\/lamartinacv.es\/wp-content\/uploads\/2017\/04\/call1.jpg\",\"width\":800,\"height\":581},{\"@type\":\"BreadcrumbList\",\"@id\":\"https:\/\/lamartinacv.es\/trabaja-con-nosotros\/#breadcrumb\",\"itemListElement\":[{\"@type\":\"ListItem\",\"position\":1,\"name\":\"Portada\",\"item\":\"https:\/\/lamartinacv.es\/\"},{\"@type\":\"ListItem\",\"position\":2,\"name\":\"Trabaja con nosotros\"}]},{\"@type\":\"WebSite\",\"@id\":\"https:\/\/lamartinacv.es\/#website\",\"url\":\"https:\/\/lamartinacv.es\/\",\"name\":\"La Martina\",\"description\":\"La Martina Cl\u00ednica Veterinaria\",\"potentialAction\":[{\"@type\":\"SearchAction\",\"target\":{\"@type\":\"EntryPoint\",\"urlTemplate\":\"https:\/\/lamartinacv.es\/?s={search_term_string}\"},\"query-input\":{\"@type\":\"PropertyValueSpecification\",\"valueRequired\":true,\"valueName\":\"search_term_string\"}}],\"inLanguage\":\"en-GB\"}]}<\/script>\n<!-- \/ Yoast SEO plugin. -->","yoast_head_json":{"title":"Trabaja con nosotros - La Martina","description":"Trabaja con nosotros, env\u00eda tu CV y forma parte de Cl\u00ednica Veterinaria la Martina. Si el cuidado de los animales es tu vida este es tu lugar.","robots":{"index":"index","follow":"follow","max-snippet":"max-snippet:-1","max-image-preview":"max-image-preview:large","max-video-preview":"max-video-preview:-1"},"canonical":"https:\/\/lamartinacv.es\/en\/trabaja-con-nosotros\/","og_locale":"en_GB","og_type":"article","og_title":"Trabaja con nosotros - La Martina","og_description":"Trabaja con nosotros, env\u00eda tu CV y forma parte de Cl\u00ednica Veterinaria la Martina. Si el cuidado de los animales es tu vida este es tu lugar.","og_url":"https:\/\/lamartinacv.es\/en\/trabaja-con-nosotros\/","og_site_name":"La Martina","article_modified_time":"2025-10-20T07:17:01+00:00","og_image":[{"width":800,"height":581,"url":"https:\/\/lamartinacv.es\/wp-content\/uploads\/2017\/04\/call1.jpg","type":"image\/jpeg"}],"twitter_card":"summary_large_image","twitter_misc":{"Estimated reading time":"1 minute"},"schema":{"@context":"https:\/\/schema.org","@graph":[{"@type":"WebPage","@id":"https:\/\/lamartinacv.es\/trabaja-con-nosotros\/","url":"https:\/\/lamartinacv.es\/trabaja-con-nosotros\/","name":"Trabaja con nosotros - La Martina","isPartOf":{"@id":"https:\/\/lamartinacv.es\/#website"},"primaryImageOfPage":{"@id":"https:\/\/lamartinacv.es\/trabaja-con-nosotros\/#primaryimage"},"image":{"@id":"https:\/\/lamartinacv.es\/trabaja-con-nosotros\/#primaryimage"},"thumbnailUrl":"https:\/\/lamartinacv.es\/wp-content\/uploads\/2017\/04\/call1.jpg","datePublished":"2025-10-16T07:01:22+00:00","dateModified":"2025-10-20T07:17:01+00:00","description":"Trabaja con nosotros, env\u00eda tu CV y forma parte de Cl\u00ednica Veterinaria la Martina. Si el cuidado de los animales es tu vida este es tu lugar.","breadcrumb":{"@id":"https:\/\/lamartinacv.es\/trabaja-con-nosotros\/#breadcrumb"},"inLanguage":"en-GB","potentialAction":[{"@type":"ReadAction","target":["https:\/\/lamartinacv.es\/trabaja-con-nosotros\/"]}]},{"@type":"ImageObject","inLanguage":"en-GB","@id":"https:\/\/lamartinacv.es\/trabaja-con-nosotros\/#primaryimage","url":"https:\/\/lamartinacv.es\/wp-content\/uploads\/2017\/04\/call1.jpg","contentUrl":"https:\/\/lamartinacv.es\/wp-content\/uploads\/2017\/04\/call1.jpg","width":800,"height":581},{"@type":"BreadcrumbList","@id":"https:\/\/lamartinacv.es\/trabaja-con-nosotros\/#breadcrumb","itemListElement":[{"@type":"ListItem","position":1,"name":"Portada","item":"https:\/\/lamartinacv.es\/"},{"@type":"ListItem","position":2,"name":"Trabaja con nosotros"}]},{"@type":"WebSite","@id":"https:\/\/lamartinacv.es\/#website","url":"https:\/\/lamartinacv.es\/","name":"La Martina","description":"La Martina Cl\u00ednica Veterinaria","potentialAction":[{"@type":"SearchAction","target":{"@type":"EntryPoint","urlTemplate":"https:\/\/lamartinacv.es\/?s={search_term_string}"},"query-input":{"@type":"PropertyValueSpecification","valueRequired":true,"valueName":"search_term_string"}}],"inLanguage":"en-GB"}]}},"_links":{"self":[{"href":"https:\/\/lamartinacv.es\/en\/wp-json\/wp\/v2\/pages\/9064","targetHints":{"allow":["GET"]}}],"collection":[{"href":"https:\/\/lamartinacv.es\/en\/wp-json\/wp\/v2\/pages"}],"about":[{"href":"https:\/\/lamartinacv.es\/en\/wp-json\/wp\/v2\/types\/page"}],"author":[{"embeddable":true,"href":"https:\/\/lamartinacv.es\/en\/wp-json\/wp\/v2\/users\/1"}],"replies":[{"embeddable":true,"href":"https:\/\/lamartinacv.es\/en\/wp-json\/wp\/v2\/comments?post=9064"}],"version-history":[{"count":25,"href":"https:\/\/lamartinacv.es\/en\/wp-json\/wp\/v2\/pages\/9064\/revisions"}],"predecessor-version":[{"id":9248,"href":"https:\/\/lamartinacv.es\/en\/wp-json\/wp\/v2\/pages\/9064\/revisions\/9248"}],"wp:featuredmedia":[{"embeddable":true,"href":"https:\/\/lamartinacv.es\/en\/wp-json\/wp\/v2\/media\/2066"}],"wp:attachment":[{"href":"https:\/\/lamartinacv.es\/en\/wp-json\/wp\/v2\/media?parent=9064"}],"curies":[{"name":"wp","href":"https:\/\/api.w.org\/{rel}","templated":true}]}}