{"id":9003,"date":"2025-10-15T10:18:15","date_gmt":"2025-10-15T10:18:15","guid":{"rendered":"https:\/\/lamartinacv.es\/?page_id=9003"},"modified":"2025-10-20T06:33:38","modified_gmt":"2025-10-20T06:33:38","slug":"tienda-especializada","status":"publish","type":"page","link":"https:\/\/lamartinacv.es\/en\/tienda-especializada\/","title":{"rendered":"Specialist Shop"},"content":{"rendered":"<div data-elementor-type=\"wp-post\" data-elementor-id=\"9003\" class=\"elementor elementor-9003\">\n\t\t\t\t\t\t<section class=\"elementor-section elementor-top-section elementor-element elementor-element-33b74b6e elementor-section-stretched elementor-section-full_width elementor-section-height-default elementor-section-height-default wpr-particle-no wpr-jarallax-no wpr-parallax-no wpr-sticky-section-no\" data-id=\"33b74b6e\" data-element_type=\"section\" data-e-type=\"section\" data-settings=\"{&quot;stretch_section&quot;:&quot;section-stretched&quot;}\">\n\t\t\t\t\t\t\t<div class=\"elementor-background-overlay\"><\/div>\n\t\t\t\t\t\t\t<div class=\"elementor-container elementor-column-gap-default\">\n\t\t\t\t\t<div class=\"elementor-column elementor-col-33 elementor-top-column elementor-element elementor-element-373d477b\" data-id=\"373d477b\" data-element_type=\"column\" data-e-type=\"column\" data-settings=\"{&quot;background_background&quot;:&quot;classic&quot;}\">\n\t\t\t<div class=\"elementor-widget-wrap elementor-element-populated\">\n\t\t\t\t\t\t<div class=\"elementor-element elementor-element-4f09ba0c elementor-widget-tablet__width-initial elementor-widget elementor-widget-heading\" data-id=\"4f09ba0c\" data-element_type=\"widget\" data-e-type=\"widget\" data-widget_type=\"heading.default\">\n\t\t\t\t\t<h4 class=\"elementor-heading-title elementor-size-default\">Specialist Shop<\/h4>\t\t\t\t<\/div>\n\t\t\t\t\t<\/div>\n\t\t<\/div>\n\t\t\t\t<div class=\"elementor-column elementor-col-66 elementor-top-column elementor-element elementor-element-3dbba81a\" data-id=\"3dbba81a\" data-element_type=\"column\" data-e-type=\"column\">\n\t\t\t<div class=\"elementor-widget-wrap\">\n\t\t\t\t\t\t\t<\/div>\n\t\t<\/div>\n\t\t\t\t\t<\/div>\n\t\t<\/section>\n\t\t\t\t<section class=\"elementor-section elementor-top-section elementor-element elementor-element-1ca44c35 elementor-section-stretched elementor-section-boxed elementor-section-height-default elementor-section-height-default wpr-particle-no wpr-jarallax-no wpr-parallax-no wpr-sticky-section-no\" data-id=\"1ca44c35\" data-element_type=\"section\" data-e-type=\"section\" data-settings=\"{&quot;stretch_section&quot;:&quot;section-stretched&quot;}\">\n\t\t\t\t\t\t<div class=\"elementor-container elementor-column-gap-default\">\n\t\t\t\t\t<div class=\"elementor-column elementor-col-100 elementor-top-column elementor-element elementor-element-65e8bbf2\" data-id=\"65e8bbf2\" data-element_type=\"column\" data-e-type=\"column\">\n\t\t\t<div class=\"elementor-widget-wrap elementor-element-populated\">\n\t\t\t\t\t\t<div class=\"elementor-element elementor-element-396af41 elementor-widget elementor-widget-heading\" data-id=\"396af41\" data-element_type=\"widget\" data-e-type=\"widget\" data-widget_type=\"heading.default\">\n\t\t\t\t\t<h1 class=\"elementor-heading-title elementor-size-default\">What you will find in our shop<\/h1>\t\t\t\t<\/div>\n\t\t\t\t<div class=\"elementor-element elementor-element-1d925958 elementor-widget elementor-widget-text-editor\" data-id=\"1d925958\" data-element_type=\"widget\" data-e-type=\"widget\" data-widget_type=\"text-editor.default\">\n\t\t\t\t\t\t\t\t\t<p>In our shop, we stock the best brands for your pet's comfort, health and wellbeing.<\/p>\t\t\t\t\t\t\t\t<\/div>\n\t\t\t\t\t<\/div>\n\t\t<\/div>\n\t\t\t\t\t<\/div>\n\t\t<\/section>\n\t\t\t\t<section class=\"elementor-section elementor-top-section elementor-element elementor-element-72942139 elementor-section-boxed elementor-section-height-default elementor-section-height-default wpr-particle-no wpr-jarallax-no wpr-parallax-no wpr-sticky-section-no\" data-id=\"72942139\" data-element_type=\"section\" data-e-type=\"section\">\n\t\t\t\t\t\t<div class=\"elementor-container elementor-column-gap-default\">\n\t\t\t\t\t<div class=\"elementor-column elementor-col-33 elementor-top-column elementor-element elementor-element-550ee1bc\" data-id=\"550ee1bc\" data-element_type=\"column\" data-e-type=\"column\">\n\t\t\t<div class=\"elementor-widget-wrap elementor-element-populated\">\n\t\t\t\t\t\t<div class=\"elementor-element elementor-element-252d9227 elementor-widget-divider--view-line elementor-widget elementor-widget-divider\" data-id=\"252d9227\" data-element_type=\"widget\" data-e-type=\"widget\" data-widget_type=\"divider.default\">\n\t\t\t\t\t\t\t<div class=\"elementor-divider\">\n\t\t\t<span class=\"elementor-divider-separator\">\n\t\t\t\t\t\t<\/span>\n\t\t<\/div>\n\t\t\t\t\t\t<\/div>\n\t\t\t\t<div class=\"elementor-element elementor-element-79650f4f elementor-widget elementor-widget-heading\" data-id=\"79650f4f\" data-element_type=\"widget\" data-e-type=\"widget\" data-widget_type=\"heading.default\">\n\t\t\t\t\t<h2 class=\"elementor-heading-title elementor-size-default\">Animal Mood<\/h2>\t\t\t\t<\/div>\n\t\t\t\t<div class=\"elementor-element elementor-element-35fb8833 elementor-widget elementor-widget-text-editor\" data-id=\"35fb8833\" data-element_type=\"widget\" data-e-type=\"widget\" data-widget_type=\"text-editor.default\">\n\t\t\t\t\t\t\t\t\t<p><span data-huuid=\"14593637082522255005\">Spanish brand of dog products focused on their wellbeing and beauty, based in Valencia. <\/span><span data-huuid=\"14593637082522254804\">They offer practical solutions for common problems such as odours, itching or sensitive skin, and their products cover hygiene, beauty, walking and rest.<\/span><\/p>\t\t\t\t\t\t\t\t<\/div>\n\t\t\t\t<div class=\"elementor-element elementor-element-378ac8b4 elementor-widget-divider--view-line elementor-widget elementor-widget-divider\" data-id=\"378ac8b4\" data-element_type=\"widget\" data-e-type=\"widget\" data-widget_type=\"divider.default\">\n\t\t\t\t\t\t\t<div class=\"elementor-divider\">\n\t\t\t<span class=\"elementor-divider-separator\">\n\t\t\t\t\t\t<\/span>\n\t\t<\/div>\n\t\t\t\t\t\t<\/div>\n\t\t\t\t<div class=\"elementor-element elementor-element-2283f93d elementor-widget elementor-widget-heading\" data-id=\"2283f93d\" data-element_type=\"widget\" data-e-type=\"widget\" data-widget_type=\"heading.default\">\n\t\t\t\t\t<h2 class=\"elementor-heading-title elementor-size-default\">Magiamia<\/h2>\t\t\t\t<\/div>\n\t\t\t\t<div class=\"elementor-element elementor-element-172744f elementor-widget elementor-widget-text-editor\" data-id=\"172744f\" data-element_type=\"widget\" data-e-type=\"widget\" data-widget_type=\"text-editor.default\">\n\t\t\t\t\t\t\t\t\t<p>An Asturian company that handcrafts pet accessories such as harnesses and collars. It is known for offering unique, stylish products that combine quality and design for owners who see their dogs as part of the family.<\/p>\t\t\t\t\t\t\t\t<\/div>\n\t\t\t\t\t<\/div>\n\t\t<\/div>\n\t\t\t\t<div class=\"elementor-column elementor-col-33 elementor-top-column elementor-element elementor-element-53b95eef\" data-id=\"53b95eef\" data-element_type=\"column\" data-e-type=\"column\">\n\t\t\t<div class=\"elementor-widget-wrap elementor-element-populated\">\n\t\t\t\t\t\t<div class=\"elementor-element elementor-element-2b93dc06 elementor-widget elementor-widget-image\" data-id=\"2b93dc06\" data-element_type=\"widget\" data-e-type=\"widget\" data-widget_type=\"image.default\">\n\t\t\t\t\t\t\t\t\t\t\t\t\t\t\t<img fetchpriority=\"high\" decoding=\"async\" width=\"409\" height=\"700\" src=\"https:\/\/lamartinacv.es\/wp-content\/uploads\/2025\/10\/pic-21.png\" class=\"attachment-large size-large wp-image-9007\" alt=\"\" srcset=\"https:\/\/lamartinacv.es\/wp-content\/uploads\/2025\/10\/pic-21.png 409w, https:\/\/lamartinacv.es\/wp-content\/uploads\/2025\/10\/pic-21-175x300.png 175w, https:\/\/lamartinacv.es\/wp-content\/uploads\/2025\/10\/pic-21-7x12.png 7w\" sizes=\"(max-width: 409px) 100vw, 409px\" \/>\t\t\t\t\t\t\t\t\t\t\t\t\t\t\t<\/div>\n\t\t\t\t\t<\/div>\n\t\t<\/div>\n\t\t\t\t<div class=\"elementor-column elementor-col-33 elementor-top-column elementor-element elementor-element-78434442\" data-id=\"78434442\" data-element_type=\"column\" data-e-type=\"column\">\n\t\t\t<div class=\"elementor-widget-wrap elementor-element-populated\">\n\t\t\t\t\t\t<div class=\"elementor-element elementor-element-33e9115b elementor-widget-divider--view-line elementor-widget elementor-widget-divider\" data-id=\"33e9115b\" data-element_type=\"widget\" data-e-type=\"widget\" data-widget_type=\"divider.default\">\n\t\t\t\t\t\t\t<div class=\"elementor-divider\">\n\t\t\t<span class=\"elementor-divider-separator\">\n\t\t\t\t\t\t<\/span>\n\t\t<\/div>\n\t\t\t\t\t\t<\/div>\n\t\t\t\t<div class=\"elementor-element elementor-element-879e4ef elementor-widget elementor-widget-heading\" data-id=\"879e4ef\" data-element_type=\"widget\" data-e-type=\"widget\" data-widget_type=\"heading.default\">\n\t\t\t\t\t<h2 class=\"elementor-heading-title elementor-size-default\">Sietencasa<\/h2>\t\t\t\t<\/div>\n\t\t\t\t<div class=\"elementor-element elementor-element-559a38b7 elementor-widget elementor-widget-text-editor\" data-id=\"559a38b7\" data-element_type=\"widget\" data-e-type=\"widget\" data-widget_type=\"text-editor.default\">\n\t\t\t\t\t\t\t\t\t<p>Seville-based brand of handmade pet accessories, quality products that last a lifetime.<\/p>\t\t\t\t\t\t\t\t<\/div>\n\t\t\t\t<div class=\"elementor-element elementor-element-7671322 elementor-widget-divider--view-line elementor-widget elementor-widget-divider\" data-id=\"7671322\" data-element_type=\"widget\" data-e-type=\"widget\" data-widget_type=\"divider.default\">\n\t\t\t\t\t\t\t<div class=\"elementor-divider\">\n\t\t\t<span class=\"elementor-divider-separator\">\n\t\t\t\t\t\t<\/span>\n\t\t<\/div>\n\t\t\t\t\t\t<\/div>\n\t\t\t\t<div class=\"elementor-element elementor-element-1994f478 elementor-widget elementor-widget-heading\" data-id=\"1994f478\" data-element_type=\"widget\" data-e-type=\"widget\" data-widget_type=\"heading.default\">\n\t\t\t\t\t<h2 class=\"elementor-heading-title elementor-size-default\">La Jaquima<\/h2>\t\t\t\t<\/div>\n\t\t\t\t<div class=\"elementor-element elementor-element-98fc677 elementor-widget elementor-widget-text-editor\" data-id=\"98fc677\" data-element_type=\"widget\" data-e-type=\"widget\" data-widget_type=\"text-editor.default\">\n\t\t\t\t\t\t\t\t\t<p>La J\u00e1quima Vaquera is an artisan brand from And\u00fajar (Ja\u00e9n, Andalusia) specialising in the handmade production of colourful bridles, headstalls and equestrian accessories. Its style combines Spanish cowboy tradition with modern designs to enhance the elegance of the horse.<\/p>\t\t\t\t\t\t\t\t<\/div>\n\t\t\t\t\t<\/div>\n\t\t<\/div>\n\t\t\t\t\t<\/div>\n\t\t<\/section>\n\t\t\t\t<section class=\"elementor-section elementor-top-section elementor-element elementor-element-0700c41 elementor-section-stretched elementor-section-boxed elementor-section-height-default elementor-section-height-default wpr-particle-no wpr-jarallax-no wpr-parallax-no wpr-sticky-section-no\" data-id=\"0700c41\" data-element_type=\"section\" data-e-type=\"section\" data-settings=\"{&quot;stretch_section&quot;:&quot;section-stretched&quot;}\">\n\t\t\t\t\t\t<div class=\"elementor-container elementor-column-gap-default\">\n\t\t\t\t\t<div class=\"elementor-column elementor-col-100 elementor-top-column elementor-element elementor-element-56f9c40\" data-id=\"56f9c40\" data-element_type=\"column\" data-e-type=\"column\">\n\t\t\t<div class=\"elementor-widget-wrap elementor-element-populated\">\n\t\t\t\t\t\t<div class=\"elementor-element elementor-element-f78c1f4 elementor-widget__width-initial elementor-widget elementor-widget-heading\" data-id=\"f78c1f4\" data-element_type=\"widget\" data-e-type=\"widget\" data-widget_type=\"heading.default\">\n\t\t\t\t\t<h1 class=\"elementor-heading-title elementor-size-default\">Spanish origin<\/h1>\t\t\t\t<\/div>\n\t\t\t\t<div class=\"elementor-element elementor-element-6370b18 elementor-widget elementor-widget-text-editor\" data-id=\"6370b18\" data-element_type=\"widget\" data-e-type=\"widget\" data-widget_type=\"text-editor.default\">\n\t\t\t\t\t\t\t\t\t<p>All our brands are manufactured in Spain, specifically some of them in our community of Andalusia, thus supporting small businesses and doing our bit.<\/p>\t\t\t\t\t\t\t\t<\/div>\n\t\t\t\t\t<\/div>\n\t\t<\/div>\n\t\t\t\t\t<\/div>\n\t\t<\/section>\n\t\t\t\t<section class=\"elementor-section elementor-top-section elementor-element elementor-element-4b013c79 elementor-section-height-min-height elementor-section-stretched elementor-section-boxed elementor-section-height-default elementor-section-items-middle wpr-particle-no wpr-jarallax-no wpr-parallax-no wpr-sticky-section-no\" data-id=\"4b013c79\" data-element_type=\"section\" data-e-type=\"section\" data-settings=\"{&quot;background_background&quot;:&quot;classic&quot;,&quot;stretch_section&quot;:&quot;section-stretched&quot;}\">\n\t\t\t\t\t\t\t<div class=\"elementor-background-overlay\"><\/div>\n\t\t\t\t\t\t\t<div class=\"elementor-container elementor-column-gap-default\">\n\t\t\t\t\t<div class=\"elementor-column elementor-col-50 elementor-top-column elementor-element elementor-element-742e8c67\" data-id=\"742e8c67\" data-element_type=\"column\" data-e-type=\"column\">\n\t\t\t<div class=\"elementor-widget-wrap elementor-element-populated\">\n\t\t\t\t\t\t<div class=\"elementor-element elementor-element-dc6dbbe elementor-widget elementor-widget-heading\" data-id=\"dc6dbbe\" data-element_type=\"widget\" data-e-type=\"widget\" data-widget_type=\"heading.default\">\n\t\t\t\t\t<h2 class=\"elementor-heading-title elementor-size-default\">We offer you<\/h2>\t\t\t\t<\/div>\n\t\t\t\t<div class=\"elementor-element elementor-element-cb64444 elementor-widget elementor-widget-heading\" data-id=\"cb64444\" data-element_type=\"widget\" data-e-type=\"widget\" data-widget_type=\"heading.default\">\n\t\t\t\t\t<h2 class=\"elementor-heading-title elementor-size-default\">Everything for your best friend in one place<\/h2>\t\t\t\t<\/div>\n\t\t\t\t\t<\/div>\n\t\t<\/div>\n\t\t\t\t<div class=\"elementor-column elementor-col-50 elementor-top-column elementor-element elementor-element-1e150527 elementor-hidden-mobile\" data-id=\"1e150527\" data-element_type=\"column\" data-e-type=\"column\">\n\t\t\t<div class=\"elementor-widget-wrap elementor-element-populated\">\n\t\t\t\t\t\t<div class=\"elementor-element elementor-element-319882b elementor-align-center elementor-widget elementor-widget-button\" data-id=\"319882b\" data-element_type=\"widget\" data-e-type=\"widget\" data-widget_type=\"button.default\">\n\t\t\t\t\t\t\t\t\t\t<a class=\"elementor-button elementor-button-link elementor-size-sm\" href=\"https:\/\/lamartinacv.es\/en\/contacto\/\" id=\"my-button\">\n\t\t\t\t\t\t<span class=\"elementor-button-content-wrapper\">\n\t\t\t\t\t\t\t\t\t<span class=\"elementor-button-text\">Contact us<\/span>\n\t\t\t\t\t<\/span>\n\t\t\t\t\t<\/a>\n\t\t\t\t\t\t\t\t<\/div>\n\t\t\t\t\t<\/div>\n\t\t<\/div>\n\t\t\t\t\t<\/div>\n\t\t<\/section>\n\t\t\t\t<\/div>","protected":false},"excerpt":{"rendered":"<p>Tienda Especializada Qu\u00e9 encontrar\u00e1s en nuestra tienda En nuestro espacio de tienda contamos con las mejores marcas para el confort, salud y bienestar de tu mascota. Animal Mood Marca Espa\u00f1ola de productos para perros enfocada en su bienestar y belleza, con sede en Valencia. Ofrecen soluciones pr\u00e1cticas para problemas comunes como olores, picores o piel sensible, y sus productos abarcan higiene, belleza, paseo y descanso. Magiamia Origen asturiano que fabrica artesanalmente accesorios para mascotas, como arneses y collares. Se caracteriza por ofrecer productos \u00fanicos y con estilo, combinando calidad y dise\u00f1o para los due\u00f1os que ven a sus perros como parte de la familia. Sietencasa Marca Sevillana de accesorios para mascotas hechos a mano, productos de calidad que duran toda la vida. La Jaquima La J\u00e1quima Vaquera es una marca artesanal de And\u00fajar (Ja\u00e9n, Andaluc\u00eda) especializada en la elaboraci\u00f3n a mano de j\u00e1quimas, cabezales y accesorios ecuestres llenos de color. Su estilo combina tradici\u00f3n vaquera espa\u00f1ola con dise\u00f1os modernos para realzar la elegancia del caballoL. Origen Espa\u00f1ol Todas nuestras marcas de fabrican en Espa\u00f1a, concretamente algunas de ellas en nuestra comunidad de Andaluc\u00eda, apostando as\u00ed por las peque\u00f1as empresas y aportando nuestro granito de arena. Te ofrecemos Todo para tu mejor amigo en un solo lugar Contacta con nosotros<\/p>","protected":false},"author":1,"featured_media":8976,"parent":0,"menu_order":0,"comment_status":"closed","ping_status":"closed","template":"","meta":{"inline_featured_image":false,"footnotes":""},"class_list":["post-9003","page","type-page","status-publish","has-post-thumbnail","hentry"],"yoast_head":"<!-- This site is optimized with the Yoast SEO plugin v27.1.1 - https:\/\/yoast.com\/product\/yoast-seo-wordpress\/ -->\n<title>Tienda Especializada - La Martina<\/title>\n<meta name=\"description\" content=\"Tienda Especializada para a animales dom\u00e9sticos y caballos, situados en Alcal\u00e1 la Real (Ja\u00e9n), combinamos el mundo rural y urbano.\" \/>\n<meta name=\"robots\" content=\"index, follow, max-snippet:-1, max-image-preview:large, max-video-preview:-1\" \/>\n<link rel=\"canonical\" href=\"https:\/\/lamartinacv.es\/en\/tienda-especializada\/\" \/>\n<meta property=\"og:locale\" content=\"en_GB\" \/>\n<meta property=\"og:type\" content=\"article\" \/>\n<meta property=\"og:title\" content=\"Tienda Especializada - La Martina\" \/>\n<meta property=\"og:description\" content=\"Tienda Especializada para a animales dom\u00e9sticos y caballos, situados en Alcal\u00e1 la Real (Ja\u00e9n), combinamos el mundo rural y urbano.\" \/>\n<meta property=\"og:url\" content=\"https:\/\/lamartinacv.es\/en\/tienda-especializada\/\" \/>\n<meta property=\"og:site_name\" content=\"La Martina\" \/>\n<meta property=\"article:modified_time\" content=\"2025-10-20T06:33:38+00:00\" \/>\n<meta property=\"og:image\" content=\"https:\/\/lamartinacv.es\/wp-content\/uploads\/2025\/10\/471431548_593632833256403_2866389538077931097_n.jpg\" \/>\n\t<meta property=\"og:image:width\" content=\"1332\" \/>\n\t<meta property=\"og:image:height\" content=\"887\" \/>\n\t<meta property=\"og:image:type\" content=\"image\/jpeg\" \/>\n<meta name=\"twitter:card\" content=\"summary_large_image\" \/>\n<meta name=\"twitter:label1\" content=\"Estimated reading time\" \/>\n\t<meta name=\"twitter:data1\" content=\"1 minute\" \/>\n<script type=\"application\/ld+json\" class=\"yoast-schema-graph\">{\"@context\":\"https:\/\/schema.org\",\"@graph\":[{\"@type\":\"WebPage\",\"@id\":\"https:\/\/lamartinacv.es\/tienda-especializada\/\",\"url\":\"https:\/\/lamartinacv.es\/tienda-especializada\/\",\"name\":\"Tienda Especializada - La Martina\",\"isPartOf\":{\"@id\":\"https:\/\/lamartinacv.es\/#website\"},\"primaryImageOfPage\":{\"@id\":\"https:\/\/lamartinacv.es\/tienda-especializada\/#primaryimage\"},\"image\":{\"@id\":\"https:\/\/lamartinacv.es\/tienda-especializada\/#primaryimage\"},\"thumbnailUrl\":\"https:\/\/lamartinacv.es\/wp-content\/uploads\/2025\/10\/471431548_593632833256403_2866389538077931097_n.jpg\",\"datePublished\":\"2025-10-15T10:18:15+00:00\",\"dateModified\":\"2025-10-20T06:33:38+00:00\",\"description\":\"Tienda Especializada para a animales dom\u00e9sticos y caballos, situados en Alcal\u00e1 la Real (Ja\u00e9n), combinamos el mundo rural y urbano.\",\"breadcrumb\":{\"@id\":\"https:\/\/lamartinacv.es\/tienda-especializada\/#breadcrumb\"},\"inLanguage\":\"en-GB\",\"potentialAction\":[{\"@type\":\"ReadAction\",\"target\":[\"https:\/\/lamartinacv.es\/tienda-especializada\/\"]}]},{\"@type\":\"ImageObject\",\"inLanguage\":\"en-GB\",\"@id\":\"https:\/\/lamartinacv.es\/tienda-especializada\/#primaryimage\",\"url\":\"https:\/\/lamartinacv.es\/wp-content\/uploads\/2025\/10\/471431548_593632833256403_2866389538077931097_n.jpg\",\"contentUrl\":\"https:\/\/lamartinacv.es\/wp-content\/uploads\/2025\/10\/471431548_593632833256403_2866389538077931097_n.jpg\",\"width\":1332,\"height\":887},{\"@type\":\"BreadcrumbList\",\"@id\":\"https:\/\/lamartinacv.es\/tienda-especializada\/#breadcrumb\",\"itemListElement\":[{\"@type\":\"ListItem\",\"position\":1,\"name\":\"Portada\",\"item\":\"https:\/\/lamartinacv.es\/\"},{\"@type\":\"ListItem\",\"position\":2,\"name\":\"Tienda Especializada\"}]},{\"@type\":\"WebSite\",\"@id\":\"https:\/\/lamartinacv.es\/#website\",\"url\":\"https:\/\/lamartinacv.es\/\",\"name\":\"La Martina\",\"description\":\"La Martina Cl\u00ednica Veterinaria\",\"potentialAction\":[{\"@type\":\"SearchAction\",\"target\":{\"@type\":\"EntryPoint\",\"urlTemplate\":\"https:\/\/lamartinacv.es\/?s={search_term_string}\"},\"query-input\":{\"@type\":\"PropertyValueSpecification\",\"valueRequired\":true,\"valueName\":\"search_term_string\"}}],\"inLanguage\":\"en-GB\"}]}<\/script>\n<!-- \/ Yoast SEO plugin. -->","yoast_head_json":{"title":"Tienda Especializada - La Martina","description":"Tienda Especializada para a animales dom\u00e9sticos y caballos, situados en Alcal\u00e1 la Real (Ja\u00e9n), combinamos el mundo rural y urbano.","robots":{"index":"index","follow":"follow","max-snippet":"max-snippet:-1","max-image-preview":"max-image-preview:large","max-video-preview":"max-video-preview:-1"},"canonical":"https:\/\/lamartinacv.es\/en\/tienda-especializada\/","og_locale":"en_GB","og_type":"article","og_title":"Tienda Especializada - La Martina","og_description":"Tienda Especializada para a animales dom\u00e9sticos y caballos, situados en Alcal\u00e1 la Real (Ja\u00e9n), combinamos el mundo rural y urbano.","og_url":"https:\/\/lamartinacv.es\/en\/tienda-especializada\/","og_site_name":"La Martina","article_modified_time":"2025-10-20T06:33:38+00:00","og_image":[{"width":1332,"height":887,"url":"https:\/\/lamartinacv.es\/wp-content\/uploads\/2025\/10\/471431548_593632833256403_2866389538077931097_n.jpg","type":"image\/jpeg"}],"twitter_card":"summary_large_image","twitter_misc":{"Estimated reading time":"1 minute"},"schema":{"@context":"https:\/\/schema.org","@graph":[{"@type":"WebPage","@id":"https:\/\/lamartinacv.es\/tienda-especializada\/","url":"https:\/\/lamartinacv.es\/tienda-especializada\/","name":"Tienda Especializada - La Martina","isPartOf":{"@id":"https:\/\/lamartinacv.es\/#website"},"primaryImageOfPage":{"@id":"https:\/\/lamartinacv.es\/tienda-especializada\/#primaryimage"},"image":{"@id":"https:\/\/lamartinacv.es\/tienda-especializada\/#primaryimage"},"thumbnailUrl":"https:\/\/lamartinacv.es\/wp-content\/uploads\/2025\/10\/471431548_593632833256403_2866389538077931097_n.jpg","datePublished":"2025-10-15T10:18:15+00:00","dateModified":"2025-10-20T06:33:38+00:00","description":"Tienda Especializada para a animales dom\u00e9sticos y caballos, situados en Alcal\u00e1 la Real (Ja\u00e9n), combinamos el mundo rural y urbano.","breadcrumb":{"@id":"https:\/\/lamartinacv.es\/tienda-especializada\/#breadcrumb"},"inLanguage":"en-GB","potentialAction":[{"@type":"ReadAction","target":["https:\/\/lamartinacv.es\/tienda-especializada\/"]}]},{"@type":"ImageObject","inLanguage":"en-GB","@id":"https:\/\/lamartinacv.es\/tienda-especializada\/#primaryimage","url":"https:\/\/lamartinacv.es\/wp-content\/uploads\/2025\/10\/471431548_593632833256403_2866389538077931097_n.jpg","contentUrl":"https:\/\/lamartinacv.es\/wp-content\/uploads\/2025\/10\/471431548_593632833256403_2866389538077931097_n.jpg","width":1332,"height":887},{"@type":"BreadcrumbList","@id":"https:\/\/lamartinacv.es\/tienda-especializada\/#breadcrumb","itemListElement":[{"@type":"ListItem","position":1,"name":"Portada","item":"https:\/\/lamartinacv.es\/"},{"@type":"ListItem","position":2,"name":"Tienda Especializada"}]},{"@type":"WebSite","@id":"https:\/\/lamartinacv.es\/#website","url":"https:\/\/lamartinacv.es\/","name":"La Martina","description":"La Martina Cl\u00ednica Veterinaria","potentialAction":[{"@type":"SearchAction","target":{"@type":"EntryPoint","urlTemplate":"https:\/\/lamartinacv.es\/?s={search_term_string}"},"query-input":{"@type":"PropertyValueSpecification","valueRequired":true,"valueName":"search_term_string"}}],"inLanguage":"en-GB"}]}},"_links":{"self":[{"href":"https:\/\/lamartinacv.es\/en\/wp-json\/wp\/v2\/pages\/9003","targetHints":{"allow":["GET"]}}],"collection":[{"href":"https:\/\/lamartinacv.es\/en\/wp-json\/wp\/v2\/pages"}],"about":[{"href":"https:\/\/lamartinacv.es\/en\/wp-json\/wp\/v2\/types\/page"}],"author":[{"embeddable":true,"href":"https:\/\/lamartinacv.es\/en\/wp-json\/wp\/v2\/users\/1"}],"replies":[{"embeddable":true,"href":"https:\/\/lamartinacv.es\/en\/wp-json\/wp\/v2\/comments?post=9003"}],"version-history":[{"count":10,"href":"https:\/\/lamartinacv.es\/en\/wp-json\/wp\/v2\/pages\/9003\/revisions"}],"predecessor-version":[{"id":9232,"href":"https:\/\/lamartinacv.es\/en\/wp-json\/wp\/v2\/pages\/9003\/revisions\/9232"}],"wp:featuredmedia":[{"embeddable":true,"href":"https:\/\/lamartinacv.es\/en\/wp-json\/wp\/v2\/media\/8976"}],"wp:attachment":[{"href":"https:\/\/lamartinacv.es\/en\/wp-json\/wp\/v2\/media?parent=9003"}],"curies":[{"name":"wp","href":"https:\/\/api.w.org\/{rel}","templated":true}]}}