{"id":2500,"date":"2019-04-01T08:23:06","date_gmt":"2019-04-01T08:23:06","guid":{"rendered":"http:\/\/petz.boostifythemes.com\/?page_id=2500"},"modified":"2025-10-20T06:50:13","modified_gmt":"2025-10-20T06:50:13","slug":"contacto","status":"publish","type":"page","link":"https:\/\/lamartinacv.es\/en\/contacto\/","title":{"rendered":"Contact"},"content":{"rendered":"<div data-elementor-type=\"wp-post\" data-elementor-id=\"2500\" class=\"elementor elementor-2500\">\n\t\t\t\t\t\t<section class=\"elementor-section elementor-top-section elementor-element elementor-element-557d1a20 elementor-section-stretched elementor-section-full_width elementor-section-height-default elementor-section-height-default wpr-particle-no wpr-jarallax-no wpr-parallax-no wpr-sticky-section-no\" data-id=\"557d1a20\" data-element_type=\"section\" data-e-type=\"section\" data-settings=\"{&quot;stretch_section&quot;:&quot;section-stretched&quot;}\">\n\t\t\t\t\t\t\t<div class=\"elementor-background-overlay\"><\/div>\n\t\t\t\t\t\t\t<div class=\"elementor-container elementor-column-gap-default\">\n\t\t\t\t\t<div class=\"elementor-column elementor-col-66 elementor-top-column elementor-element elementor-element-e79fa2e\" data-id=\"e79fa2e\" data-element_type=\"column\" data-e-type=\"column\">\n\t\t\t<div class=\"elementor-widget-wrap elementor-element-populated\">\n\t\t\t\t\t\t<div class=\"elementor-element elementor-element-1e8d35a1 elementor-widget__width-initial elementor-widget-mobile__width-initial elementor-widget elementor-widget-heading\" data-id=\"1e8d35a1\" data-element_type=\"widget\" data-e-type=\"widget\" data-widget_type=\"heading.default\">\n\t\t\t\t\t<h1 class=\"elementor-heading-title elementor-size-default\">Contact<\/h1>\t\t\t\t<\/div>\n\t\t\t\t\t<\/div>\n\t\t<\/div>\n\t\t\t\t<div class=\"elementor-column elementor-col-33 elementor-top-column elementor-element elementor-element-6ac9d896\" data-id=\"6ac9d896\" data-element_type=\"column\" data-e-type=\"column\">\n\t\t\t<div class=\"elementor-widget-wrap elementor-element-populated\">\n\t\t\t\t\t\t<div class=\"elementor-element elementor-element-6d48ebf6 elementor-widget elementor-widget-image\" data-id=\"6d48ebf6\" data-element_type=\"widget\" data-e-type=\"widget\" data-widget_type=\"image.default\">\n\t\t\t\t\t\t\t\t\t\t\t\t\t\t\t<img decoding=\"async\" src=\"https:\/\/lamartinacv.es\/wp-content\/uploads\/elementor\/thumbs\/LOGO_CLINICA_BLANCO-removebg-preview-1-rc4p7z03pg97gxf6ekh7481ppgamvugo1jghxn6wjy.png\" title=\"LOGO_CLINICA_BLANCO-removebg-preview 1\" alt=\"LOGO_CLINICA_BLANCO-removebg-preview 1\" loading=\"lazy\" \/>\t\t\t\t\t\t\t\t\t\t\t\t\t\t\t<\/div>\n\t\t\t\t\t<\/div>\n\t\t<\/div>\n\t\t\t\t\t<\/div>\n\t\t<\/section>\n\t\t<div class=\"elementor-element elementor-element-b968b69 e-con-full e-flex wpr-particle-no wpr-jarallax-no wpr-parallax-no wpr-sticky-section-no e-con e-parent\" data-id=\"b968b69\" data-element_type=\"container\" data-e-type=\"container\">\n\t\t\t\t<div class=\"elementor-element elementor-element-72ca0e6 elementor-button-info elementor-widget elementor-widget-button\" data-id=\"72ca0e6\" data-element_type=\"widget\" data-e-type=\"widget\" data-widget_type=\"button.default\">\n\t\t\t\t\t\t\t\t\t\t<a class=\"elementor-button elementor-button-link elementor-size-sm\" href=\"http:\/\/953635208\">\n\t\t\t\t\t\t<span class=\"elementor-button-content-wrapper\">\n\t\t\t\t\t\t<span class=\"elementor-button-icon\">\n\t\t\t\t<svg aria-hidden=\"true\" class=\"e-font-icon-svg e-fas-phone-alt\" viewbox=\"0 0 512 512\" xmlns=\"http:\/\/www.w3.org\/2000\/svg\"><path d=\"M497.39 361.8l-112-48a24 24 0 0 0-28 6.9l-49.6 60.6A370.66 370.66 0 0 1 130.6 204.11l60.6-49.6a23.94 23.94 0 0 0 6.9-28l-48-112A24.16 24.16 0 0 0 122.6.61l-104 24A24 24 0 0 0 0 48c0 256.5 207.9 464 464 464a24 24 0 0 0 23.4-18.6l24-104a24.29 24.29 0 0 0-14.01-27.6z\"><\/path><\/svg>\t\t\t<\/span>\n\t\t\t\t\t\t\t\t\t<span class=\"elementor-button-text\">CALL US AND MAKE AN APPOINTMENT    953635208<\/span>\n\t\t\t\t\t<\/span>\n\t\t\t\t\t<\/a>\n\t\t\t\t\t\t\t\t<\/div>\n\t\t\t\t<\/div>\n\t\t\t\t<section class=\"elementor-section elementor-top-section elementor-element elementor-element-2f4c9e1f elementor-section-boxed elementor-section-height-default elementor-section-height-default wpr-particle-no wpr-jarallax-no wpr-parallax-no wpr-sticky-section-no\" data-id=\"2f4c9e1f\" data-element_type=\"section\" data-e-type=\"section\">\n\t\t\t\t\t\t\t<div class=\"elementor-background-overlay\"><\/div>\n\t\t\t\t\t\t\t<div class=\"elementor-container elementor-column-gap-default\">\n\t\t\t\t\t<div class=\"elementor-column elementor-col-50 elementor-top-column elementor-element elementor-element-57ce2779\" data-id=\"57ce2779\" data-element_type=\"column\" data-e-type=\"column\">\n\t\t\t<div class=\"elementor-widget-wrap elementor-element-populated\">\n\t\t\t\t\t\t<div class=\"elementor-element elementor-element-79e6e226 elementor-widget elementor-widget-petz-contact\" data-id=\"79e6e226\" data-element_type=\"widget\" data-e-type=\"widget\" data-widget_type=\"petz-contact.default\">\n\t\t\t\t<div class=\"elementor-widget-container\">\n\t\t\t\t\t\t\t<div class=\"ht-heading\">\n\t\t\t<h4 class=\"ht-heading-title text-left\">\n\t\t\t\tInformation\t\t\t<\/h4>\n\t\t<\/div>\n\n\t\t<ul class=\"list-inline\">\n\t\t\t\n\t\t\t\t\t\t\t<li><i class=\"fa fa-phone margin-icon\"><\/i>\n\t\t\t\t\t<a href=\"tel:953635208\">\n\t\t\t\t\t\t953635208\t\t\t\t\t<\/a>\n\t\t\t\t<\/li>\n\t\t\t\n\t\t\t\t\t\t\t<li><i class=\"fa fa-map-marker margin-icon\"><\/i>\n\t\t\t\t\tAv. de Andaluc\u00eda, 52, Bajo comercial, 23680 Alcal\u00e1 la Real, Ja\u00e9n, Spain\t\t\t\t<\/li>\n\t\t\t\t\t<\/ul>\n\n\t\t<p class=\"ib-text\">\n\t\t\tPlease do not hesitate to contact us. We will be delighted to assist you, answer your questions or start working together. You can write to us using the form, by post or by telephone. We will respond as soon as possible!\t\t<\/p>\n\n\t\t<div class=\"ht-heading\">\n\t\t\t<h4 class=\"ht-heading-title text-left\">\n\t\t\t\t\t\t\t<\/h4>\n\t\t<\/div>\n\n\t\t<div class=\"elementor-shortcode\">\n\t\t\t\n<div class=\"wpcf7 no-js\" id=\"wpcf7-f1866-o1\" lang=\"en-US\" dir=\"ltr\" data-wpcf7-id=\"1866\">\n<div class=\"screen-reader-response\"><p role=\"status\" aria-live=\"polite\" aria-atomic=\"true\"><\/p> <ul><\/ul><\/div>\n<form action=\"\/en\/wp-json\/wp\/v2\/pages\/2500#wpcf7-f1866-o1\" method=\"post\" class=\"wpcf7-form init\" aria-label=\"Contact form\" novalidate=\"novalidate\" data-status=\"init\" data-trp-original-action=\"\/en\/wp-json\/wp\/v2\/pages\/2500#wpcf7-f1866-o1\">\n<fieldset class=\"hidden-fields-container\"><input type=\"hidden\" name=\"_wpcf7\" value=\"1866\" \/><input type=\"hidden\" name=\"_wpcf7_version\" value=\"6.1.5\" \/><input type=\"hidden\" name=\"_wpcf7_locale\" value=\"en_US\" \/><input type=\"hidden\" name=\"_wpcf7_unit_tag\" value=\"wpcf7-f1866-o1\" \/><input type=\"hidden\" name=\"_wpcf7_container_post\" value=\"0\" \/><input type=\"hidden\" name=\"_wpcf7_posted_data_hash\" value=\"\" \/>\n<\/fieldset>\n<div id=\"contact_form\">\n\t<div class=\"form-group\">\n\t\t<p><label>Name<span class=\"required\">*<\/span><\/label><br \/>\n<span class=\"wpcf7-form-control-wrap\" data-name=\"your-name\"><input size=\"40\" maxlength=\"400\" class=\"wpcf7-form-control wpcf7-text wpcf7-validates-as-required form-control input-field\" aria-required=\"true\" aria-invalid=\"false\" value=\"\" type=\"text\" name=\"your-name\" \/><\/span>\n\t\t<\/p>\n\t\t<p><label>Email <span class=\"required\">*<\/span><\/label><br \/>\n<span class=\"wpcf7-form-control-wrap\" data-name=\"your-email\"><input size=\"40\" maxlength=\"400\" class=\"wpcf7-form-control wpcf7-email wpcf7-validates-as-required wpcf7-text wpcf7-validates-as-email form-control input-field\" aria-required=\"true\" aria-invalid=\"false\" value=\"\" type=\"email\" name=\"your-email\" \/><\/span>\n\t\t<\/p>\n\t\t<p><label>Subject<\/label><br \/>\n<span class=\"wpcf7-form-control-wrap\" data-name=\"your-subject\"><input size=\"40\" maxlength=\"400\" class=\"wpcf7-form-control wpcf7-text wpcf7-validates-as-required form-control input-field\" aria-required=\"true\" aria-invalid=\"false\" value=\"\" type=\"text\" name=\"your-subject\" \/><\/span>\n\t\t<\/p>\n\t\t<p><label>Message<span class=\"required\">*<\/span><\/label><br \/>\n<span class=\"wpcf7-form-control-wrap\" data-name=\"your-message\"><textarea cols=\"40\" rows=\"10\" maxlength=\"2000\" class=\"wpcf7-form-control wpcf7-textarea wpcf7-validates-as-required form-control textarea-field\" aria-required=\"true\" aria-invalid=\"false\" name=\"your-message\"><\/textarea><\/span>\n\t\t<\/p>\n\t<\/div>\n\t<p><input class=\"wpcf7-form-control wpcf7-submit has-spinner btn btn-contact-submit\" id=\"submit_btn\" type=\"submit\" value=\"Send\" \/>\n\t<\/p>\n<\/div><div class=\"wpcf7-response-output\" aria-hidden=\"true\"><\/div>\n<input type=\"hidden\" name=\"trp-form-language\" value=\"en\"\/><\/form>\n<\/div>\n\t\t<\/div>\n\t\t\t\t\t\t<\/div>\n\t\t\t\t<\/div>\n\t\t\t\t\t<\/div>\n\t\t<\/div>\n\t\t\t\t<div class=\"elementor-column elementor-col-50 elementor-top-column elementor-element elementor-element-71f15a00\" data-id=\"71f15a00\" data-element_type=\"column\" data-e-type=\"column\">\n\t\t\t<div class=\"elementor-widget-wrap elementor-element-populated\">\n\t\t\t\t\t\t<div class=\"elementor-element elementor-element-fdabce5 elementor-widget elementor-widget-text-editor\" data-id=\"fdabce5\" data-element_type=\"widget\" data-e-type=\"widget\" data-widget_type=\"text-editor.default\">\n\t\t\t\t\t\t\t\t\t<section class=\"horario\"><h3>Opening hours<\/h3><table><thead><tr><th style=\"color: white;\">Day<\/th><th style=\"color: white;\">Hours<\/th><\/tr><\/thead><tbody><tr><td>Monday<\/td><td>10:00 \u2013 13:30\u00a0 |\u00a0 17:00 \u2013 19:30h<\/td><\/tr><tr><td>Tuesday<\/td><td>10:00 \u2013 13:30\u00a0 |\u00a0 17:00 \u2013 19:30h<\/td><\/tr><tr><td>Wednesday<\/td><td>9:00 \u2013 15:00<\/td><\/tr><tr><td>Thursday<\/td><td>10:00 \u2013 13:30\u00a0 |\u00a0 17:00 \u2013 19:30h<\/td><\/tr><tr><td>Friday<\/td><td>10:00 \u2013 13:30<\/td><\/tr><tr><td>Saturday<\/td><td>Closed<\/td><\/tr><tr><td>Sunday<\/td><td>Closed<\/td><\/tr><\/tbody><\/table><\/section>\t\t\t\t\t\t\t\t<\/div>\n\t\t\t\t<div class=\"elementor-element elementor-element-398da8a7 elementor-widget__width-initial elementor-widget elementor-widget-image\" data-id=\"398da8a7\" data-element_type=\"widget\" data-e-type=\"widget\" data-widget_type=\"image.default\">\n\t\t\t\t\t\t\t\t\t\t\t\t\t\t\t<img decoding=\"async\" src=\"https:\/\/lamartinacv.es\/wp-content\/uploads\/elementor\/thumbs\/LOGO_CLINICA_BLANCO-removebg-preview-1-rc4p7z03pg8p1ztbi3nzftspczouqjolpeig3zbfey.png\" title=\"LOGO_CLINICA_BLANCO-removebg-preview 1\" alt=\"LOGO_CLINICA_BLANCO-removebg-preview 1\" loading=\"lazy\" \/>\t\t\t\t\t\t\t\t\t\t\t\t\t\t\t<\/div>\n\t\t\t\t\t<\/div>\n\t\t<\/div>\n\t\t\t\t\t<\/div>\n\t\t<\/section>\n\t\t\t\t<section class=\"elementor-section elementor-top-section elementor-element elementor-element-547ff60a elementor-section-boxed elementor-section-height-default elementor-section-height-default wpr-particle-no wpr-jarallax-no wpr-parallax-no wpr-sticky-section-no\" data-id=\"547ff60a\" data-element_type=\"section\" data-e-type=\"section\">\n\t\t\t\t\t\t<div class=\"elementor-container elementor-column-gap-default\">\n\t\t\t\t\t<div class=\"elementor-column elementor-col-100 elementor-top-column elementor-element elementor-element-10123e06\" data-id=\"10123e06\" data-element_type=\"column\" data-e-type=\"column\">\n\t\t\t<div class=\"elementor-widget-wrap elementor-element-populated\">\n\t\t\t\t\t\t<div class=\"elementor-element elementor-element-17d68ba4 elementor-widget elementor-widget-spacer\" data-id=\"17d68ba4\" data-element_type=\"widget\" data-e-type=\"widget\" data-widget_type=\"spacer.default\">\n\t\t\t\t\t\t\t<div class=\"elementor-spacer\">\n\t\t\t<div class=\"elementor-spacer-inner\"><\/div>\n\t\t<\/div>\n\t\t\t\t\t\t<\/div>\n\t\t\t\t\t<\/div>\n\t\t<\/div>\n\t\t\t\t\t<\/div>\n\t\t<\/section>\n\t\t\t\t<section class=\"elementor-section elementor-top-section elementor-element elementor-element-bfc3212 elementor-section-stretched elementor-section-full_width elementor-section-height-default elementor-section-height-default wpr-particle-no wpr-jarallax-no wpr-parallax-no wpr-sticky-section-no\" data-id=\"bfc3212\" data-element_type=\"section\" data-e-type=\"section\" data-settings=\"{&quot;stretch_section&quot;:&quot;section-stretched&quot;}\">\n\t\t\t\t\t\t<div class=\"elementor-container elementor-column-gap-no\">\n\t\t\t\t\t<div class=\"elementor-column elementor-col-100 elementor-top-column elementor-element elementor-element-6322fef4\" data-id=\"6322fef4\" data-element_type=\"column\" data-e-type=\"column\">\n\t\t\t<div class=\"elementor-widget-wrap elementor-element-populated\">\n\t\t\t\t\t\t<div class=\"elementor-element elementor-element-151c63b0 elementor-widget elementor-widget-google_maps\" data-id=\"151c63b0\" data-element_type=\"widget\" data-e-type=\"widget\" data-widget_type=\"google_maps.default\">\n\t\t\t\t\t\t\t<div class=\"elementor-custom-embed\">\n\t\t\t<iframe loading=\"lazy\"\n\t\t\t\t\tsrc=\"https:\/\/maps.google.com\/maps?q=Av.%20de%20Andaluc%C3%ADa%2C%2052%2C%20Bajo%20comercial%2C%2023680%20Alcal%C3%A1%20la%20Real%2C%20Ja%C3%A9n%2C%20Espa%C3%B1a&#038;t=m&#038;z=16&#038;output=embed&#038;iwloc=near\"\n\t\t\t\t\ttitle=\"Av. de Andaluc\u00eda, 52, Bajo comercial, 23680 Alcal\u00e1 la Real, Ja\u00e9n, Spain\"\n\t\t\t\t\taria-label=\"Av. de Andaluc\u00eda, 52, Bajo comercial, 23680 Alcal\u00e1 la Real, Ja\u00e9n, Spain\"\n\t\t\t><\/iframe>\n\t\t<\/div>\n\t\t\t\t\t\t<\/div>\n\t\t\t\t\t<\/div>\n\t\t<\/div>\n\t\t\t\t\t<\/div>\n\t\t<\/section>\n\t\t\t\t<\/div>","protected":false},"excerpt":{"rendered":"<p>Contacto LLAMANOS Y PIDE CITA 953635208 Informaci\u00f3n 953635208 Av. de Andaluc\u00eda, 52, Bajo comercial, 23680 Alcal\u00e1 la Real, Ja\u00e9n, Espa\u00f1a No dudes en ponerte en contacto con nosotros. Estaremos encantados de ayudarte, resolver tus dudas o empezar a trabajar juntos. Puedes escribirnos a trav\u00e9s del formulario, por correo o por tel\u00e9fono. \u00a1Te responderemos lo antes posible! Nombre* Correo eletr\u00f3nico * Asunto Mensaje* Horario de atenci\u00f3n D\u00eda Horario Lunes 10:00 \u2013 13:30\u00a0 |\u00a0 17:00 \u2013 19:30h Martes 10:00 \u2013 13:30\u00a0 |\u00a0 17:00 \u2013 19:30h Mi\u00e9rcoles 9:00 \u2013 15:00 Jueves 10:00 \u2013 13:30\u00a0 |\u00a0 17:00 \u2013 19:30h Viernes 10:00 \u2013 13:30 S\u00e1bado Cerrado Domingo Cerrado<\/p>","protected":false},"author":1,"featured_media":2448,"parent":0,"menu_order":0,"comment_status":"closed","ping_status":"closed","template":"","meta":{"inline_featured_image":false,"footnotes":""},"class_list":["post-2500","page","type-page","status-publish","has-post-thumbnail","hentry"],"yoast_head":"<!-- This site is optimized with the Yoast SEO plugin v27.1.1 - https:\/\/yoast.com\/product\/yoast-seo-wordpress\/ -->\n<title>Contacto - La Martina<\/title>\n<meta name=\"description\" content=\"Haz Contacto con nosotros, te guiaremos con cualquier duda que tengas y atenderemos a tu mascota como si fuera nuestra.\" \/>\n<meta name=\"robots\" content=\"index, follow, max-snippet:-1, max-image-preview:large, max-video-preview:-1\" \/>\n<link rel=\"canonical\" href=\"https:\/\/lamartinacv.es\/en\/contacto\/\" \/>\n<meta property=\"og:locale\" content=\"en_GB\" \/>\n<meta property=\"og:type\" content=\"article\" \/>\n<meta property=\"og:title\" content=\"Contacto - La Martina\" \/>\n<meta property=\"og:description\" content=\"Haz Contacto con nosotros, te guiaremos con cualquier duda que tengas y atenderemos a tu mascota como si fuera nuestra.\" \/>\n<meta property=\"og:url\" content=\"https:\/\/lamartinacv.es\/en\/contacto\/\" \/>\n<meta property=\"og:site_name\" content=\"La Martina\" \/>\n<meta property=\"article:modified_time\" content=\"2025-10-20T06:50:13+00:00\" \/>\n<meta property=\"og:image\" content=\"https:\/\/lamartinacv.es\/wp-content\/uploads\/2019\/04\/service2.jpg\" \/>\n\t<meta property=\"og:image:width\" content=\"500\" \/>\n\t<meta property=\"og:image:height\" content=\"400\" \/>\n\t<meta property=\"og:image:type\" content=\"image\/jpeg\" \/>\n<meta name=\"twitter:card\" content=\"summary_large_image\" \/>\n<meta name=\"twitter:label1\" content=\"Estimated reading time\" \/>\n\t<meta name=\"twitter:data1\" content=\"1 minute\" \/>\n<script type=\"application\/ld+json\" class=\"yoast-schema-graph\">{\"@context\":\"https:\/\/schema.org\",\"@graph\":[{\"@type\":\"WebPage\",\"@id\":\"https:\/\/lamartinacv.es\/contacto\/\",\"url\":\"https:\/\/lamartinacv.es\/contacto\/\",\"name\":\"Contacto - La Martina\",\"isPartOf\":{\"@id\":\"https:\/\/lamartinacv.es\/#website\"},\"primaryImageOfPage\":{\"@id\":\"https:\/\/lamartinacv.es\/contacto\/#primaryimage\"},\"image\":{\"@id\":\"https:\/\/lamartinacv.es\/contacto\/#primaryimage\"},\"thumbnailUrl\":\"https:\/\/lamartinacv.es\/wp-content\/uploads\/2019\/04\/service2.jpg\",\"datePublished\":\"2019-04-01T08:23:06+00:00\",\"dateModified\":\"2025-10-20T06:50:13+00:00\",\"description\":\"Haz Contacto con nosotros, te guiaremos con cualquier duda que tengas y atenderemos a tu mascota como si fuera nuestra.\",\"breadcrumb\":{\"@id\":\"https:\/\/lamartinacv.es\/contacto\/#breadcrumb\"},\"inLanguage\":\"en-GB\",\"potentialAction\":[{\"@type\":\"ReadAction\",\"target\":[\"https:\/\/lamartinacv.es\/contacto\/\"]}]},{\"@type\":\"ImageObject\",\"inLanguage\":\"en-GB\",\"@id\":\"https:\/\/lamartinacv.es\/contacto\/#primaryimage\",\"url\":\"https:\/\/lamartinacv.es\/wp-content\/uploads\/2019\/04\/service2.jpg\",\"contentUrl\":\"https:\/\/lamartinacv.es\/wp-content\/uploads\/2019\/04\/service2.jpg\",\"width\":500,\"height\":400},{\"@type\":\"BreadcrumbList\",\"@id\":\"https:\/\/lamartinacv.es\/contacto\/#breadcrumb\",\"itemListElement\":[{\"@type\":\"ListItem\",\"position\":1,\"name\":\"Portada\",\"item\":\"https:\/\/lamartinacv.es\/\"},{\"@type\":\"ListItem\",\"position\":2,\"name\":\"Contacto\"}]},{\"@type\":\"WebSite\",\"@id\":\"https:\/\/lamartinacv.es\/#website\",\"url\":\"https:\/\/lamartinacv.es\/\",\"name\":\"La Martina\",\"description\":\"La Martina Cl\u00ednica Veterinaria\",\"potentialAction\":[{\"@type\":\"SearchAction\",\"target\":{\"@type\":\"EntryPoint\",\"urlTemplate\":\"https:\/\/lamartinacv.es\/?s={search_term_string}\"},\"query-input\":{\"@type\":\"PropertyValueSpecification\",\"valueRequired\":true,\"valueName\":\"search_term_string\"}}],\"inLanguage\":\"en-GB\"}]}<\/script>\n<!-- \/ Yoast SEO plugin. -->","yoast_head_json":{"title":"Contacto - La Martina","description":"Haz Contacto con nosotros, te guiaremos con cualquier duda que tengas y atenderemos a tu mascota como si fuera nuestra.","robots":{"index":"index","follow":"follow","max-snippet":"max-snippet:-1","max-image-preview":"max-image-preview:large","max-video-preview":"max-video-preview:-1"},"canonical":"https:\/\/lamartinacv.es\/en\/contacto\/","og_locale":"en_GB","og_type":"article","og_title":"Contacto - La Martina","og_description":"Haz Contacto con nosotros, te guiaremos con cualquier duda que tengas y atenderemos a tu mascota como si fuera nuestra.","og_url":"https:\/\/lamartinacv.es\/en\/contacto\/","og_site_name":"La Martina","article_modified_time":"2025-10-20T06:50:13+00:00","og_image":[{"width":500,"height":400,"url":"https:\/\/lamartinacv.es\/wp-content\/uploads\/2019\/04\/service2.jpg","type":"image\/jpeg"}],"twitter_card":"summary_large_image","twitter_misc":{"Estimated reading time":"1 minute"},"schema":{"@context":"https:\/\/schema.org","@graph":[{"@type":"WebPage","@id":"https:\/\/lamartinacv.es\/contacto\/","url":"https:\/\/lamartinacv.es\/contacto\/","name":"Contacto - La Martina","isPartOf":{"@id":"https:\/\/lamartinacv.es\/#website"},"primaryImageOfPage":{"@id":"https:\/\/lamartinacv.es\/contacto\/#primaryimage"},"image":{"@id":"https:\/\/lamartinacv.es\/contacto\/#primaryimage"},"thumbnailUrl":"https:\/\/lamartinacv.es\/wp-content\/uploads\/2019\/04\/service2.jpg","datePublished":"2019-04-01T08:23:06+00:00","dateModified":"2025-10-20T06:50:13+00:00","description":"Haz Contacto con nosotros, te guiaremos con cualquier duda que tengas y atenderemos a tu mascota como si fuera nuestra.","breadcrumb":{"@id":"https:\/\/lamartinacv.es\/contacto\/#breadcrumb"},"inLanguage":"en-GB","potentialAction":[{"@type":"ReadAction","target":["https:\/\/lamartinacv.es\/contacto\/"]}]},{"@type":"ImageObject","inLanguage":"en-GB","@id":"https:\/\/lamartinacv.es\/contacto\/#primaryimage","url":"https:\/\/lamartinacv.es\/wp-content\/uploads\/2019\/04\/service2.jpg","contentUrl":"https:\/\/lamartinacv.es\/wp-content\/uploads\/2019\/04\/service2.jpg","width":500,"height":400},{"@type":"BreadcrumbList","@id":"https:\/\/lamartinacv.es\/contacto\/#breadcrumb","itemListElement":[{"@type":"ListItem","position":1,"name":"Portada","item":"https:\/\/lamartinacv.es\/"},{"@type":"ListItem","position":2,"name":"Contacto"}]},{"@type":"WebSite","@id":"https:\/\/lamartinacv.es\/#website","url":"https:\/\/lamartinacv.es\/","name":"La Martina","description":"La Martina Cl\u00ednica Veterinaria","potentialAction":[{"@type":"SearchAction","target":{"@type":"EntryPoint","urlTemplate":"https:\/\/lamartinacv.es\/?s={search_term_string}"},"query-input":{"@type":"PropertyValueSpecification","valueRequired":true,"valueName":"search_term_string"}}],"inLanguage":"en-GB"}]}},"_links":{"self":[{"href":"https:\/\/lamartinacv.es\/en\/wp-json\/wp\/v2\/pages\/2500","targetHints":{"allow":["GET"]}}],"collection":[{"href":"https:\/\/lamartinacv.es\/en\/wp-json\/wp\/v2\/pages"}],"about":[{"href":"https:\/\/lamartinacv.es\/en\/wp-json\/wp\/v2\/types\/page"}],"author":[{"embeddable":true,"href":"https:\/\/lamartinacv.es\/en\/wp-json\/wp\/v2\/users\/1"}],"replies":[{"embeddable":true,"href":"https:\/\/lamartinacv.es\/en\/wp-json\/wp\/v2\/comments?post=2500"}],"version-history":[{"count":49,"href":"https:\/\/lamartinacv.es\/en\/wp-json\/wp\/v2\/pages\/2500\/revisions"}],"predecessor-version":[{"id":9251,"href":"https:\/\/lamartinacv.es\/en\/wp-json\/wp\/v2\/pages\/2500\/revisions\/9251"}],"wp:featuredmedia":[{"embeddable":true,"href":"https:\/\/lamartinacv.es\/en\/wp-json\/wp\/v2\/media\/2448"}],"wp:attachment":[{"href":"https:\/\/lamartinacv.es\/en\/wp-json\/wp\/v2\/media?parent=2500"}],"curies":[{"name":"wp","href":"https:\/\/api.w.org\/{rel}","templated":true}]}}